{"id":490,"date":"2025-02-20T23:19:06","date_gmt":"2025-02-21T02:19:06","guid":{"rendered":"https:\/\/soysuleiman.com\/home\/"},"modified":"2025-11-04T23:04:40","modified_gmt":"2025-11-05T02:04:40","slug":"home","status":"publish","type":"page","link":"https:\/\/soysuleiman.com\/en\/","title":{"rendered":"Home"},"content":{"rendered":"<div data-elementor-type=\"wp-page\" data-elementor-id=\"490\" class=\"elementor elementor-490\" data-elementor-post-type=\"page\">\n\t\t\t\t<div class=\"elementor-element elementor-element-780f6db e-con-full e-flex e-con e-parent\" data-id=\"780f6db\" data-element_type=\"container\" data-settings=\"{&quot;background_background&quot;:&quot;video&quot;,&quot;background_video_link&quot;:&quot;https:\\\/\\\/www.youtube.com\\\/watch?v=x9eBn7GurIY&amp;list=PLQgecNJlOBUArpSGnf_h3CF5roBWpEDWk&amp;index=12&quot;}\">\n\t\t<div class=\"elementor-background-video-container elementor-hidden-mobile\" aria-hidden=\"true\">\n\t\t\t\t\t\t\t<div class=\"elementor-background-video-embed\"><\/div>\n\t\t\t\t\t\t<\/div>\t\t<\/div>\n\t\t<div class=\"elementor-element elementor-element-def7995 e-con-full e-flex e-con e-parent\" data-id=\"def7995\" data-element_type=\"container\">\n\t\t\t\t<div class=\"elementor-element elementor-element-cd776a7 elementor-widget elementor-widget-image\" data-id=\"cd776a7\" data-element_type=\"widget\" data-widget_type=\"image.default\">\n\t\t\t\t<div class=\"elementor-widget-container\">\n\t\t\t\t\t\t\t\t\t\t\t\t\t\t\t<img decoding=\"async\" src=\"https:\/\/soysuleiman.com\/wp-content\/uploads\/2025\/11\/PRESS-EDITABLE-FINAL-Recuperado@1x_1-scaled.png\" title=\"\" alt=\"\" loading=\"lazy\" \/>\t\t\t\t\t\t\t\t\t\t\t\t\t\t\t<\/div>\n\t\t\t\t<\/div>\n\t\t\t\t<div class=\"elementor-element elementor-element-973e774 elementor-widget elementor-widget-button\" data-id=\"973e774\" data-element_type=\"widget\" data-widget_type=\"button.default\">\n\t\t\t\t<div class=\"elementor-widget-container\">\n\t\t\t\t\t\t\t\t\t<div class=\"elementor-button-wrapper\">\n\t\t\t\t\t<a class=\"elementor-button elementor-button-link elementor-size-sm\" href=\"#\">\n\t\t\t\t\t\t<span class=\"elementor-button-content-wrapper\">\n\t\t\t\t\t\t\t\t\t<span class=\"elementor-button-text\">Haz clic aqu\u00ed<\/span>\n\t\t\t\t\t<\/span>\n\t\t\t\t\t<\/a>\n\t\t\t\t<\/div>\n\t\t\t\t\t\t\t\t<\/div>\n\t\t\t\t<\/div>\n\t\t\t\t<div class=\"elementor-element elementor-element-a6f138f elementor-widget elementor-widget-button\" data-id=\"a6f138f\" data-element_type=\"widget\" data-widget_type=\"button.default\">\n\t\t\t\t<div class=\"elementor-widget-container\">\n\t\t\t\t\t\t\t\t\t<div class=\"elementor-button-wrapper\">\n\t\t\t\t\t<a class=\"elementor-button elementor-button-link elementor-size-sm\" href=\"#\">\n\t\t\t\t\t\t<span class=\"elementor-button-content-wrapper\">\n\t\t\t\t\t\t\t\t\t<span class=\"elementor-button-text\">Haz clic aqu\u00ed<\/span>\n\t\t\t\t\t<\/span>\n\t\t\t\t\t<\/a>\n\t\t\t\t<\/div>\n\t\t\t\t\t\t\t\t<\/div>\n\t\t\t\t<\/div>\n\t\t\t\t<\/div>\n\t\t<div class=\"elementor-element elementor-element-8673719 e-con-full e-flex e-con e-parent\" data-id=\"8673719\" data-element_type=\"container\" data-settings=\"{&quot;background_background&quot;:&quot;classic&quot;}\">\n\t\t<div class=\"elementor-element elementor-element-735525a e-con-full e-flex e-con e-child\" data-id=\"735525a\" data-element_type=\"container\">\n\t\t\t\t<div class=\"elementor-element elementor-element-c9026fe elementor-widget elementor-widget-heading\" data-id=\"c9026fe\" data-element_type=\"widget\" data-widget_type=\"heading.default\">\n\t\t\t\t<div class=\"elementor-widget-container\">\n\t\t\t\t\t<h2 class=\"elementor-heading-title elementor-size-default\">Academic background<\/h2>\t\t\t\t<\/div>\n\t\t\t\t<\/div>\n\t\t\t\t<div class=\"elementor-element elementor-element-8d0d6a1 elementor-widget elementor-widget-text-editor\" data-id=\"8d0d6a1\" data-element_type=\"widget\" data-widget_type=\"text-editor.default\">\n\t\t\t\t<div class=\"elementor-widget-container\">\n\t\t\t\t\t\t\t\t\t<p>My academic training was fundamental to developing the skills and knowledge that I apply in my daily work. I am a Technician in Sound Operation and Recording, I graduated from the EMBA (Buenos Aires School of Music) where I acquired a solid foundation in music production. In addition, I complemented my education with a diploma in Music for video games and specialized courses in composition for film, piano, mastering, and modal harmonies.<\/p>\t\t\t\t\t\t\t\t<\/div>\n\t\t\t\t<\/div>\n\t\t<div class=\"elementor-element elementor-element-2d1be90 e-con-full e-flex e-con e-child\" data-id=\"2d1be90\" data-element_type=\"container\">\n\t\t\t\t<div class=\"elementor-element elementor-element-ec8eee5 elementor-widget__width-initial elementor-widget-tablet__width-initial elementor-widget-mobile__width-inherit elementor-position-top elementor-widget elementor-widget-image-box\" data-id=\"ec8eee5\" data-element_type=\"widget\" data-widget_type=\"image-box.default\">\n\t\t\t\t<div class=\"elementor-widget-container\">\n\t\t\t\t\t<div class=\"elementor-image-box-wrapper\"><figure class=\"elementor-image-box-img\"><img fetchpriority=\"high\" decoding=\"async\" width=\"2359\" height=\"1668\" src=\"https:\/\/soysuleiman.com\/wp-content\/uploads\/2025\/01\/IMG_20231213_134623-1.jpg\" class=\"attachment-full size-full wp-image-119\" alt=\"\" srcset=\"https:\/\/soysuleiman.com\/wp-content\/uploads\/2025\/01\/IMG_20231213_134623-1.jpg 2359w, https:\/\/soysuleiman.com\/wp-content\/uploads\/2025\/01\/IMG_20231213_134623-1-300x212.jpg 300w, https:\/\/soysuleiman.com\/wp-content\/uploads\/2025\/01\/IMG_20231213_134623-1-1024x724.jpg 1024w, https:\/\/soysuleiman.com\/wp-content\/uploads\/2025\/01\/IMG_20231213_134623-1-768x543.jpg 768w, https:\/\/soysuleiman.com\/wp-content\/uploads\/2025\/01\/IMG_20231213_134623-1-1536x1086.jpg 1536w, https:\/\/soysuleiman.com\/wp-content\/uploads\/2025\/01\/IMG_20231213_134623-1-2048x1448.jpg 2048w, https:\/\/soysuleiman.com\/wp-content\/uploads\/2025\/01\/IMG_20231213_134623-1-18x12.jpg 18w, https:\/\/soysuleiman.com\/wp-content\/uploads\/2025\/01\/IMG_20231213_134623-1-1320x933.jpg 1320w, https:\/\/soysuleiman.com\/wp-content\/uploads\/2025\/01\/IMG_20231213_134623-1-600x424.jpg 600w\" sizes=\"(max-width: 2359px) 100vw, 2359px\" \/><\/figure><div class=\"elementor-image-box-content\"><h4 class=\"elementor-image-box-title\">Technical Degree<\/h4><p class=\"elementor-image-box-description\">2020 - 2023<br>Technician in Sound Operation and Recording with a focus on Professional Music Production<\/p><\/div><\/div>\t\t\t\t<\/div>\n\t\t\t\t<\/div>\n\t\t\t\t<div class=\"elementor-element elementor-element-43ed3f0 elementor-widget__width-initial elementor-widget-tablet__width-initial elementor-widget-mobile__width-inherit elementor-position-top elementor-widget elementor-widget-image-box\" data-id=\"43ed3f0\" data-element_type=\"widget\" data-widget_type=\"image-box.default\">\n\t\t\t\t<div class=\"elementor-widget-container\">\n\t\t\t\t\t<div class=\"elementor-image-box-wrapper\"><figure class=\"elementor-image-box-img\"><img decoding=\"async\" width=\"3309\" height=\"2339\" src=\"https:\/\/soysuleiman.com\/wp-content\/uploads\/2025\/01\/dahlquist-1.png\" class=\"attachment-full size-full wp-image-101\" alt=\"\" srcset=\"https:\/\/soysuleiman.com\/wp-content\/uploads\/2025\/01\/dahlquist-1.png 3309w, https:\/\/soysuleiman.com\/wp-content\/uploads\/2025\/01\/dahlquist-1-300x212.png 300w, https:\/\/soysuleiman.com\/wp-content\/uploads\/2025\/01\/dahlquist-1-1024x724.png 1024w, https:\/\/soysuleiman.com\/wp-content\/uploads\/2025\/01\/dahlquist-1-768x543.png 768w, https:\/\/soysuleiman.com\/wp-content\/uploads\/2025\/01\/dahlquist-1-1536x1086.png 1536w, https:\/\/soysuleiman.com\/wp-content\/uploads\/2025\/01\/dahlquist-1-2048x1448.png 2048w, https:\/\/soysuleiman.com\/wp-content\/uploads\/2025\/01\/dahlquist-1-1320x933.png 1320w, https:\/\/soysuleiman.com\/wp-content\/uploads\/2025\/01\/dahlquist-1-600x424.png 600w\" sizes=\"(max-width: 3309px) 100vw, 3309px\" \/><\/figure><div class=\"elementor-image-box-content\"><h4 class=\"elementor-image-box-title\">Diploma<\/h4><p class=\"elementor-image-box-description\">2023 - 2024<br>Diploma in Music for Video Games<\/p><\/div><\/div>\t\t\t\t<\/div>\n\t\t\t\t<\/div>\n\t\t\t\t<div class=\"elementor-element elementor-element-055ca95 elementor-widget__width-initial elementor-widget-tablet__width-initial elementor-widget-mobile__width-inherit elementor-position-top elementor-widget elementor-widget-image-box\" data-id=\"055ca95\" data-element_type=\"widget\" data-widget_type=\"image-box.default\">\n\t\t\t\t<div class=\"elementor-widget-container\">\n\t\t\t\t\t<div class=\"elementor-image-box-wrapper\"><figure class=\"elementor-image-box-img\"><img decoding=\"async\" width=\"2339\" height=\"1654\" src=\"https:\/\/soysuleiman.com\/wp-content\/uploads\/2025\/01\/Dahlquist-Felipe-2-1.png\" class=\"attachment-full size-full wp-image-110\" alt=\"\" srcset=\"https:\/\/soysuleiman.com\/wp-content\/uploads\/2025\/01\/Dahlquist-Felipe-2-1.png 2339w, https:\/\/soysuleiman.com\/wp-content\/uploads\/2025\/01\/Dahlquist-Felipe-2-1-300x212.png 300w, https:\/\/soysuleiman.com\/wp-content\/uploads\/2025\/01\/Dahlquist-Felipe-2-1-1024x724.png 1024w, https:\/\/soysuleiman.com\/wp-content\/uploads\/2025\/01\/Dahlquist-Felipe-2-1-768x543.png 768w, https:\/\/soysuleiman.com\/wp-content\/uploads\/2025\/01\/Dahlquist-Felipe-2-1-1536x1086.png 1536w, https:\/\/soysuleiman.com\/wp-content\/uploads\/2025\/01\/Dahlquist-Felipe-2-1-2048x1448.png 2048w, https:\/\/soysuleiman.com\/wp-content\/uploads\/2025\/01\/Dahlquist-Felipe-2-1-1320x933.png 1320w, https:\/\/soysuleiman.com\/wp-content\/uploads\/2025\/01\/Dahlquist-Felipe-2-1-600x424.png 600w\" sizes=\"(max-width: 2339px) 100vw, 2339px\" \/><\/figure><div class=\"elementor-image-box-content\"><h4 class=\"elementor-image-box-title\">Extension course<\/h4><p class=\"elementor-image-box-description\">2024<br>Music composition for film and theatre<\/p><\/div><\/div>\t\t\t\t<\/div>\n\t\t\t\t<\/div>\n\t\t\t\t<div class=\"elementor-element elementor-element-a411e8a elementor-widget__width-initial elementor-widget-tablet__width-initial elementor-widget-mobile__width-inherit elementor-position-top elementor-widget elementor-widget-image-box\" data-id=\"a411e8a\" data-element_type=\"widget\" data-widget_type=\"image-box.default\">\n\t\t\t\t<div class=\"elementor-widget-container\">\n\t\t\t\t\t<div class=\"elementor-image-box-wrapper\"><figure class=\"elementor-image-box-img\"><img loading=\"lazy\" decoding=\"async\" width=\"1890\" height=\"1350\" src=\"https:\/\/soysuleiman.com\/wp-content\/uploads\/2025\/01\/Dahlquist-3-1.png\" class=\"attachment-full size-full wp-image-128\" alt=\"\" srcset=\"https:\/\/soysuleiman.com\/wp-content\/uploads\/2025\/01\/Dahlquist-3-1.png 1890w, https:\/\/soysuleiman.com\/wp-content\/uploads\/2025\/01\/Dahlquist-3-1-300x214.png 300w, https:\/\/soysuleiman.com\/wp-content\/uploads\/2025\/01\/Dahlquist-3-1-1024x731.png 1024w, https:\/\/soysuleiman.com\/wp-content\/uploads\/2025\/01\/Dahlquist-3-1-768x549.png 768w, https:\/\/soysuleiman.com\/wp-content\/uploads\/2025\/01\/Dahlquist-3-1-1536x1097.png 1536w, https:\/\/soysuleiman.com\/wp-content\/uploads\/2025\/01\/Dahlquist-3-1-18x12.png 18w, https:\/\/soysuleiman.com\/wp-content\/uploads\/2025\/01\/Dahlquist-3-1-1320x943.png 1320w, https:\/\/soysuleiman.com\/wp-content\/uploads\/2025\/01\/Dahlquist-3-1-600x429.png 600w\" sizes=\"(max-width: 1890px) 100vw, 1890px\" \/><\/figure><div class=\"elementor-image-box-content\"><h4 class=\"elementor-image-box-title\"><h4 data-elementor-setting-key=\"title_text\" data-elementor-inline-editing-toolbar=\"none\" data-pen-placeholder=\"Teclea aqu\u00ed...\" style=\"font-style: normal\">Extension course<span style=\"color: var(--ast-global-color-2);font-size: 2rem;font-style: inherit;background-color: var( --e-global-color-astglobalcolor5 )\"><\/span><\/h4><\/h4><p class=\"elementor-image-box-description\">2024<br>Piano accompaniments in popular music<\/p><\/div><\/div>\t\t\t\t<\/div>\n\t\t\t\t<\/div>\n\t\t\t\t<\/div>\n\t\t<div class=\"elementor-element elementor-element-f3fc3f8 e-con-full e-flex e-con e-child\" data-id=\"f3fc3f8\" data-element_type=\"container\">\n\t\t\t\t<div class=\"elementor-element elementor-element-831f24f elementor-widget__width-initial elementor-widget-tablet__width-initial elementor-widget-mobile__width-inherit elementor-position-top elementor-widget elementor-widget-image-box\" data-id=\"831f24f\" data-element_type=\"widget\" data-widget_type=\"image-box.default\">\n\t\t\t\t<div class=\"elementor-widget-container\">\n\t\t\t\t\t<div class=\"elementor-image-box-wrapper\"><figure class=\"elementor-image-box-img\"><img loading=\"lazy\" decoding=\"async\" width=\"1754\" height=\"1241\" src=\"https:\/\/soysuleiman.com\/wp-content\/uploads\/2025\/01\/Dahlquist-Certificado-realizacion-Mastering-1.jpg\" class=\"attachment-full size-full wp-image-111\" alt=\"\" srcset=\"https:\/\/soysuleiman.com\/wp-content\/uploads\/2025\/01\/Dahlquist-Certificado-realizacion-Mastering-1.jpg 1754w, https:\/\/soysuleiman.com\/wp-content\/uploads\/2025\/01\/Dahlquist-Certificado-realizacion-Mastering-1-300x212.jpg 300w, https:\/\/soysuleiman.com\/wp-content\/uploads\/2025\/01\/Dahlquist-Certificado-realizacion-Mastering-1-1024x725.jpg 1024w, https:\/\/soysuleiman.com\/wp-content\/uploads\/2025\/01\/Dahlquist-Certificado-realizacion-Mastering-1-768x543.jpg 768w, https:\/\/soysuleiman.com\/wp-content\/uploads\/2025\/01\/Dahlquist-Certificado-realizacion-Mastering-1-1536x1087.jpg 1536w, https:\/\/soysuleiman.com\/wp-content\/uploads\/2025\/01\/Dahlquist-Certificado-realizacion-Mastering-1-1320x934.jpg 1320w, https:\/\/soysuleiman.com\/wp-content\/uploads\/2025\/01\/Dahlquist-Certificado-realizacion-Mastering-1-600x425.jpg 600w\" sizes=\"(max-width: 1754px) 100vw, 1754px\" \/><\/figure><div class=\"elementor-image-box-content\"><h4 class=\"elementor-image-box-title\"><h4 data-elementor-setting-key=\"title_text\" data-elementor-inline-editing-toolbar=\"none\" data-pen-placeholder=\"Teclea aqu\u00ed...\" style=\"font-style: normal\">Extension course<span style=\"color: var(--ast-global-color-2);font-size: 2rem;font-style: inherit;background-color: var( --e-global-color-astglobalcolor5 )\"><\/span><\/h4><\/h4><p class=\"elementor-image-box-description\">2024<br>Audio Mastering for Streaming Platforms<\/p><\/div><\/div>\t\t\t\t<\/div>\n\t\t\t\t<\/div>\n\t\t\t\t<div class=\"elementor-element elementor-element-304b0c8 elementor-widget__width-initial elementor-widget-tablet__width-initial elementor-widget-mobile__width-inherit elementor-position-top elementor-widget elementor-widget-image-box\" data-id=\"304b0c8\" data-element_type=\"widget\" data-widget_type=\"image-box.default\">\n\t\t\t\t<div class=\"elementor-widget-container\">\n\t\t\t\t\t<div class=\"elementor-image-box-wrapper\"><figure class=\"elementor-image-box-img\"><img loading=\"lazy\" decoding=\"async\" width=\"1754\" height=\"1241\" src=\"https:\/\/soysuleiman.com\/wp-content\/uploads\/2025\/01\/DAHLQUIST-Certificado-aprobacion-Composicion-y-produccion-musical-inicial-1-1.jpg\" class=\"attachment-full size-full wp-image-129\" alt=\"\" srcset=\"https:\/\/soysuleiman.com\/wp-content\/uploads\/2025\/01\/DAHLQUIST-Certificado-aprobacion-Composicion-y-produccion-musical-inicial-1-1.jpg 1754w, https:\/\/soysuleiman.com\/wp-content\/uploads\/2025\/01\/DAHLQUIST-Certificado-aprobacion-Composicion-y-produccion-musical-inicial-1-1-300x212.jpg 300w, https:\/\/soysuleiman.com\/wp-content\/uploads\/2025\/01\/DAHLQUIST-Certificado-aprobacion-Composicion-y-produccion-musical-inicial-1-1-1024x725.jpg 1024w, https:\/\/soysuleiman.com\/wp-content\/uploads\/2025\/01\/DAHLQUIST-Certificado-aprobacion-Composicion-y-produccion-musical-inicial-1-1-768x543.jpg 768w, https:\/\/soysuleiman.com\/wp-content\/uploads\/2025\/01\/DAHLQUIST-Certificado-aprobacion-Composicion-y-produccion-musical-inicial-1-1-1536x1087.jpg 1536w, https:\/\/soysuleiman.com\/wp-content\/uploads\/2025\/01\/DAHLQUIST-Certificado-aprobacion-Composicion-y-produccion-musical-inicial-1-1-18x12.jpg 18w, https:\/\/soysuleiman.com\/wp-content\/uploads\/2025\/01\/DAHLQUIST-Certificado-aprobacion-Composicion-y-produccion-musical-inicial-1-1-1320x934.jpg 1320w, https:\/\/soysuleiman.com\/wp-content\/uploads\/2025\/01\/DAHLQUIST-Certificado-aprobacion-Composicion-y-produccion-musical-inicial-1-1-600x425.jpg 600w\" sizes=\"(max-width: 1754px) 100vw, 1754px\" \/><\/figure><div class=\"elementor-image-box-content\"><h4 class=\"elementor-image-box-title\"><span style=\"color: var(--ast-global-color-2);font-size: 2rem;background-color: var( --e-global-color-astglobalcolor5 )\">Extension course<\/span><\/h4><p class=\"elementor-image-box-description\">2024<br>Music Composition and Production<\/p><\/div><\/div>\t\t\t\t<\/div>\n\t\t\t\t<\/div>\n\t\t\t\t<div class=\"elementor-element elementor-element-cc35dcf elementor-widget__width-initial elementor-widget-tablet__width-initial elementor-widget-mobile__width-inherit elementor-position-top elementor-widget elementor-widget-image-box\" data-id=\"cc35dcf\" data-element_type=\"widget\" data-widget_type=\"image-box.default\">\n\t\t\t\t<div class=\"elementor-widget-container\">\n\t\t\t\t\t<div class=\"elementor-image-box-wrapper\"><figure class=\"elementor-image-box-img\"><img loading=\"lazy\" decoding=\"async\" width=\"2339\" height=\"1654\" src=\"https:\/\/soysuleiman.com\/wp-content\/uploads\/2025\/01\/Dahlquist-Felipe-1-1.png\" class=\"attachment-full size-full wp-image-130\" alt=\"\" srcset=\"https:\/\/soysuleiman.com\/wp-content\/uploads\/2025\/01\/Dahlquist-Felipe-1-1.png 2339w, https:\/\/soysuleiman.com\/wp-content\/uploads\/2025\/01\/Dahlquist-Felipe-1-1-300x212.png 300w, https:\/\/soysuleiman.com\/wp-content\/uploads\/2025\/01\/Dahlquist-Felipe-1-1-1024x724.png 1024w, https:\/\/soysuleiman.com\/wp-content\/uploads\/2025\/01\/Dahlquist-Felipe-1-1-768x543.png 768w, https:\/\/soysuleiman.com\/wp-content\/uploads\/2025\/01\/Dahlquist-Felipe-1-1-1536x1086.png 1536w, https:\/\/soysuleiman.com\/wp-content\/uploads\/2025\/01\/Dahlquist-Felipe-1-1-2048x1448.png 2048w, https:\/\/soysuleiman.com\/wp-content\/uploads\/2025\/01\/Dahlquist-Felipe-1-1-18x12.png 18w, https:\/\/soysuleiman.com\/wp-content\/uploads\/2025\/01\/Dahlquist-Felipe-1-1-1320x933.png 1320w, https:\/\/soysuleiman.com\/wp-content\/uploads\/2025\/01\/Dahlquist-Felipe-1-1-600x424.png 600w\" sizes=\"(max-width: 2339px) 100vw, 2339px\" \/><\/figure><div class=\"elementor-image-box-content\"><h4 class=\"elementor-image-box-title\"><h4 data-elementor-setting-key=\"title_text\" data-elementor-inline-editing-toolbar=\"none\" data-pen-placeholder=\"Teclea aqu\u00ed...\" style=\"font-style: normal\">Extension course<span style=\"color: var(--ast-global-color-2);font-size: 2rem;font-style: inherit;background-color: var( --e-global-color-astglobalcolor5 )\"><\/span><\/h4><\/h4><p class=\"elementor-image-box-description\">2024<br>Modal harmony and synthetic scales<\/p><\/div><\/div>\t\t\t\t<\/div>\n\t\t\t\t<\/div>\n\t\t\t\t<div class=\"elementor-element elementor-element-4a0d1b9 elementor-widget__width-initial elementor-widget-tablet__width-initial elementor-widget-mobile__width-inherit elementor-position-top elementor-widget elementor-widget-image-box\" data-id=\"4a0d1b9\" data-element_type=\"widget\" data-widget_type=\"image-box.default\">\n\t\t\t\t<div class=\"elementor-widget-container\">\n\t\t\t\t\t<div class=\"elementor-image-box-wrapper\"><figure class=\"elementor-image-box-img\"><img loading=\"lazy\" decoding=\"async\" width=\"1485\" height=\"1582\" src=\"https:\/\/soysuleiman.com\/wp-content\/uploads\/2025\/01\/StatementOfResult-1-1-e1740145964131.png\" class=\"attachment-full size-full wp-image-127\" alt=\"\" srcset=\"https:\/\/soysuleiman.com\/wp-content\/uploads\/2025\/01\/StatementOfResult-1-1-e1740145964131.png 1485w, https:\/\/soysuleiman.com\/wp-content\/uploads\/2025\/01\/StatementOfResult-1-1-e1740145964131-282x300.png 282w, https:\/\/soysuleiman.com\/wp-content\/uploads\/2025\/01\/StatementOfResult-1-1-e1740145964131-961x1024.png 961w, https:\/\/soysuleiman.com\/wp-content\/uploads\/2025\/01\/StatementOfResult-1-1-e1740145964131-768x818.png 768w, https:\/\/soysuleiman.com\/wp-content\/uploads\/2025\/01\/StatementOfResult-1-1-e1740145964131-1442x1536.png 1442w, https:\/\/soysuleiman.com\/wp-content\/uploads\/2025\/01\/StatementOfResult-1-1-e1740145964131-11x12.png 11w, https:\/\/soysuleiman.com\/wp-content\/uploads\/2025\/01\/StatementOfResult-1-1-e1740145964131-1320x1406.png 1320w, https:\/\/soysuleiman.com\/wp-content\/uploads\/2025\/01\/StatementOfResult-1-1-e1740145964131-600x639.png 600w\" sizes=\"(max-width: 1485px) 100vw, 1485px\" \/><\/figure><div class=\"elementor-image-box-content\"><h4 class=\"elementor-image-box-title\">FCE<\/h4><p class=\"elementor-image-box-description\">2018<br>First Certificate in English C1 Level<\/p><\/div><\/div>\t\t\t\t<\/div>\n\t\t\t\t<\/div>\n\t\t\t\t<\/div>\n\t\t\t\t<\/div>\n\t\t\t\t<\/div>\n\t\t<div class=\"elementor-element elementor-element-83f1e0b e-con-full e-flex e-con e-parent\" data-id=\"83f1e0b\" data-element_type=\"container\">\n\t\t\t\t<div class=\"elementor-element elementor-element-c32b990 elementor-widget__width-inherit elementor-widget elementor-widget-google_maps\" data-id=\"c32b990\" data-element_type=\"widget\" data-widget_type=\"google_maps.default\">\n\t\t\t\t<div class=\"elementor-widget-container\">\n\t\t\t\t\t\t\t<div class=\"elementor-custom-embed\">\n\t\t\t<iframe loading=\"lazy\"\n\t\t\t\t\tsrc=\"https:\/\/maps.google.com\/maps?q=Ciudad%20de%20la%20Paz%201928&#038;t=m&#038;z=16&#038;output=embed&#038;iwloc=near\"\n\t\t\t\t\ttitle=\"Ciudad de la Paz 1928\"\n\t\t\t\t\taria-label=\"Ciudad de la Paz 1928\"\n\t\t\t><\/iframe>\n\t\t<\/div>\n\t\t\t\t\t\t<\/div>\n\t\t\t\t<\/div>\n\t\t\t\t<\/div>\n\t\t\t\t<\/div>","protected":false},"excerpt":{"rendered":"<p>Haz clic aqu\u00ed Haz clic aqu\u00ed Formaci\u00f3n acad\u00e9mica Mi formaci\u00f3n acad\u00e9mica fue fundamental para desarrollar las habilidades y conocimientos que aplico en mi trabajo diario. Soy Tecnico Superior en Operaci\u00f3n de Sonido y Grabaci\u00f3n, me gradu\u00e9 en la EMBA (Escuela de M\u00fasica de Buenos Aires) donde adquir\u00ed una base s\u00f3lida en producci\u00f3n musical. \u00a0Adem\u00e1s, complement\u00e9 [&hellip;]<\/p>","protected":false},"author":1,"featured_media":0,"parent":0,"menu_order":0,"comment_status":"closed","ping_status":"closed","template":"","meta":{"site-sidebar-layout":"no-sidebar","site-content-layout":"page-builder","ast-site-content-layout":"","site-content-style":"default","site-sidebar-style":"default","ast-global-header-display":"","ast-banner-title-visibility":"","ast-main-header-display":"","ast-hfb-above-header-display":"","ast-hfb-below-header-display":"","ast-hfb-mobile-header-display":"","site-post-title":"disabled","ast-breadcrumbs-content":"disabled","ast-featured-img":"disabled","footer-sml-layout":"","theme-transparent-header-meta":"enabled","adv-header-id-meta":"","stick-header-meta":"","header-above-stick-meta":"","header-main-stick-meta":"","header-below-stick-meta":"","astra-migrate-meta-layouts":"default","ast-page-background-enabled":"default","ast-page-background-meta":{"desktop":{"background-color":"","background-image":"","background-repeat":"repeat","background-position":"center center","background-size":"auto","background-attachment":"scroll","background-type":"","background-media":"","overlay-type":"","overlay-color":"","overlay-opacity":"","overlay-gradient":""},"tablet":{"background-color":"","background-image":"","background-repeat":"repeat","background-position":"center center","background-size":"auto","background-attachment":"scroll","background-type":"","background-media":"","overlay-type":"","overlay-color":"","overlay-opacity":"","overlay-gradient":""},"mobile":{"background-color":"","background-image":"","background-repeat":"repeat","background-position":"center center","background-size":"auto","background-attachment":"scroll","background-type":"","background-media":"","overlay-type":"","overlay-color":"","overlay-opacity":"","overlay-gradient":""}},"ast-content-background-meta":{"desktop":{"background-color":"var(--ast-global-color-5)","background-image":"","background-repeat":"repeat","background-position":"center center","background-size":"auto","background-attachment":"scroll","background-type":"","background-media":"","overlay-type":"","overlay-color":"","overlay-opacity":"","overlay-gradient":""},"tablet":{"background-color":"var(--ast-global-color-5)","background-image":"","background-repeat":"repeat","background-position":"center center","background-size":"auto","background-attachment":"scroll","background-type":"","background-media":"","overlay-type":"","overlay-color":"","overlay-opacity":"","overlay-gradient":""},"mobile":{"background-color":"var(--ast-global-color-5)","background-image":"","background-repeat":"repeat","background-position":"center center","background-size":"auto","background-attachment":"scroll","background-type":"","background-media":"","overlay-type":"","overlay-color":"","overlay-opacity":"","overlay-gradient":""}},"footnotes":""},"class_list":["post-490","page","type-page","status-publish","hentry"],"aioseo_notices":[],"_links":{"self":[{"href":"https:\/\/soysuleiman.com\/en\/wp-json\/wp\/v2\/pages\/490","targetHints":{"allow":["GET"]}}],"collection":[{"href":"https:\/\/soysuleiman.com\/en\/wp-json\/wp\/v2\/pages"}],"about":[{"href":"https:\/\/soysuleiman.com\/en\/wp-json\/wp\/v2\/types\/page"}],"author":[{"embeddable":true,"href":"https:\/\/soysuleiman.com\/en\/wp-json\/wp\/v2\/users\/1"}],"replies":[{"embeddable":true,"href":"https:\/\/soysuleiman.com\/en\/wp-json\/wp\/v2\/comments?post=490"}],"version-history":[{"count":157,"href":"https:\/\/soysuleiman.com\/en\/wp-json\/wp\/v2\/pages\/490\/revisions"}],"predecessor-version":[{"id":1409,"href":"https:\/\/soysuleiman.com\/en\/wp-json\/wp\/v2\/pages\/490\/revisions\/1409"}],"wp:attachment":[{"href":"https:\/\/soysuleiman.com\/en\/wp-json\/wp\/v2\/media?parent=490"}],"curies":[{"name":"wp","href":"https:\/\/api.w.org\/{rel}","templated":true}]}}